{"id":28,"date":"2013-07-02T19:59:19","date_gmt":"2013-07-02T19:59:19","guid":{"rendered":"http:\/\/totalsecurity.com.uy\/wp\/?page_id=28"},"modified":"2013-07-02T19:59:19","modified_gmt":"2013-07-02T19:59:19","slug":"contacto","status":"publish","type":"page","link":"https:\/\/totalsecurity.com.uy\/site\/contacto\/","title":{"rendered":"Contactos"},"content":{"rendered":"<p><strong>TOTAL SECURITY<\/strong><br \/>\n<strong> Empresa de Seguridad<\/strong><\/p>\n<p>Hait\u00ed 1500 &#8211; Parque Tecnol\u00f3gico Industrial del Cerro<br \/>\n<strong>Tel\u00e9fono: (598) 2311.3157<\/strong><\/p>\n<p><strong>Mail:<\/strong> <a href=\"mailto:info@totalsecurity.com.uy\">info@totalsecurity.com.uy<\/a><\/p>\n<p>&nbsp;<\/p>\n","protected":false},"excerpt":{"rendered":"<p>TOTAL SECURITY Empresa de Seguridad Hait\u00ed 1500 &#8211; Parque Tecnol\u00f3gico Industrial del Cerro Tel\u00e9fono: (598) 2311.3157 Mail: info@totalsecurity.com.uy &nbsp;<\/p>\n","protected":false},"author":1,"featured_media":0,"parent":0,"menu_order":5,"comment_status":"closed","ping_status":"closed","template":"","meta":{"footnotes":""},"class_list":["post-28","page","type-page","status-publish","hentry","nodate","item-wrap"],"_links":{"self":[{"href":"https:\/\/totalsecurity.com.uy\/site\/wp-json\/wp\/v2\/pages\/28","targetHints":{"allow":["GET"]}}],"collection":[{"href":"https:\/\/totalsecurity.com.uy\/site\/wp-json\/wp\/v2\/pages"}],"about":[{"href":"https:\/\/totalsecurity.com.uy\/site\/wp-json\/wp\/v2\/types\/page"}],"author":[{"embeddable":true,"href":"https:\/\/totalsecurity.com.uy\/site\/wp-json\/wp\/v2\/users\/1"}],"replies":[{"embeddable":true,"href":"https:\/\/totalsecurity.com.uy\/site\/wp-json\/wp\/v2\/comments?post=28"}],"version-history":[{"count":0,"href":"https:\/\/totalsecurity.com.uy\/site\/wp-json\/wp\/v2\/pages\/28\/revisions"}],"wp:attachment":[{"href":"https:\/\/totalsecurity.com.uy\/site\/wp-json\/wp\/v2\/media?parent=28"}],"curies":[{"name":"wp","href":"https:\/\/api.w.org\/{rel}","templated":true}]}}